{"id":3593,"date":"2021-06-10T07:59:33","date_gmt":"2021-06-10T07:59:33","guid":{"rendered":"https:\/\/gomosin.com\/?post_type=product&#038;p=3593"},"modified":"2021-06-10T08:46:05","modified_gmt":"2021-06-10T08:46:05","slug":"camper-peu-burdeos","status":"publish","type":"product","link":"https:\/\/gomosin.com\/index.php\/product\/camper-peu-burdeos\/","title":{"rendered":"CAMPER PEU BURDEOS"},"content":{"rendered":"<p>Zapato burdeos para mujer. Empeine de piel con cordones el\u00e1sticos y suela de TPU.<\/p>\n<p>Peu es un zapato para mujer con un dise\u00f1o inspirado en la forma del pie.<\/p>\n<p>Una silueta \u00fanica que proporciona todos los beneficios de caminar descalzo.<\/p>\n","protected":false},"excerpt":{"rendered":"<p>Zapato burdeos para mujer. Empeine de piel con cordones el\u00e1sticos y suela de TPU. Peu es un zapato para mujer con un dise\u00f1o inspirado en la forma del pie. Una silueta \u00fanica que proporciona todos los beneficios de caminar descalzo.<\/p>\n","protected":false},"featured_media":3601,"comment_status":"open","ping_status":"closed","template":"","meta":{"inline_featured_image":false},"_links":{"self":[{"href":"https:\/\/gomosin.com\/index.php\/wp-json\/wp\/v2\/product\/3593"}],"collection":[{"href":"https:\/\/gomosin.com\/index.php\/wp-json\/wp\/v2\/product"}],"about":[{"href":"https:\/\/gomosin.com\/index.php\/wp-json\/wp\/v2\/types\/product"}],"replies":[{"embeddable":true,"href":"https:\/\/gomosin.com\/index.php\/wp-json\/wp\/v2\/comments?post=3593"}],"wp:featuredmedia":[{"embeddable":true,"href":"https:\/\/gomosin.com\/index.php\/wp-json\/wp\/v2\/media\/3601"}],"wp:attachment":[{"href":"https:\/\/gomosin.com\/index.php\/wp-json\/wp\/v2\/media?parent=3593"}],"curies":[{"name":"wp","href":"https:\/\/api.w.org\/{rel}","templated":true}]}}